{"id":22,"date":"2025-04-16T14:59:31","date_gmt":"2025-04-16T14:59:31","guid":{"rendered":"https:\/\/bavariansmontenegro.me\/?page_id=22"},"modified":"2025-11-11T22:59:13","modified_gmt":"2025-11-11T22:59:13","slug":"pocetna","status":"publish","type":"page","link":"https:\/\/bavariansmontenegro.me\/en\/","title":{"rendered":"Home"},"content":{"rendered":"<section class=\"hero-swiper-wrapper\">\r\n    <div class=\"swiper hero-swiper\">\r\n      <div class=\"swiper-wrapper\">\r\n                  <div class=\"swiper-slide\">\r\n            <div class=\"hero-background\" \r\n                 style=\"background-image: url('https:\/\/bavariansmontenegro.me\/wp-content\/uploads\/2025\/05\/004A0927_edited-scaled.jpg');\"><\/div>\r\n            <div class=\"hero-overlay\">\r\n              <div class=\"hero-content\">\r\n                                  <h1 data-aos=\"fade-up\" data-aos-delay=\"200\">Bavarians Montenegro<\/h1>\r\n                \r\n                \r\n                <div class=\"hero-buttons\" data-aos=\"fade-up\" data-aos-delay=\"400\">\r\n                  \r\n                                  <\/div>\r\n              <\/div>\r\n            <\/div>\r\n          <\/div>\r\n                  <div class=\"swiper-slide\">\r\n            <div class=\"hero-background\" \r\n                 style=\"background-image: url('https:\/\/bavariansmontenegro.me\/wp-content\/uploads\/2025\/11\/176267999042193-scaled.jpg');\"><\/div>\r\n            <div class=\"hero-overlay\">\r\n              <div class=\"hero-content\">\r\n                                  <h1 data-aos=\"fade-up\" data-aos-delay=\"200\">Bavarians Montenegro<\/h1>\r\n                \r\n                \r\n                <div class=\"hero-buttons\" data-aos=\"fade-up\" data-aos-delay=\"400\">\r\n                  \r\n                                  <\/div>\r\n              <\/div>\r\n            <\/div>\r\n          <\/div>\r\n                  <div class=\"swiper-slide\">\r\n            <div class=\"hero-background\" \r\n                 style=\"background-image: url('https:\/\/bavariansmontenegro.me\/wp-content\/uploads\/2025\/11\/1762702668702446-scaled.jpg');\"><\/div>\r\n            <div class=\"hero-overlay\">\r\n              <div class=\"hero-content\">\r\n                                  <h1 data-aos=\"fade-up\" data-aos-delay=\"200\">Bavarians Montenegro<\/h1>\r\n                \r\n                \r\n                <div class=\"hero-buttons\" data-aos=\"fade-up\" data-aos-delay=\"400\">\r\n                  \r\n                                  <\/div>\r\n              <\/div>\r\n            <\/div>\r\n          <\/div>\r\n              <\/div>\r\n      <!-- Paginacija -->\r\n      <div class=\"swiper-pagination\"><\/div>\r\n    <\/div>\r\n\r\n  <\/section>\r\n\r\n\n\n\r\n<section class=\"about-section\" data-aos=\"fade-up\">\r\n  <div class=\"container about-flex\">\r\n    <!-- Leva kolona: tekst i statistike -->\r\n    <div class=\"about-text\" data-aos=\"fade-right\" data-aos-delay=\"100\">\r\n              <h2>Our goal<\/h2>\r\n      \r\n              <p>Our goal is to collect help for those who need it most through socializing, car exhibition and various activities.\r\n\r\n<\/p>\r\n      \r\n          <\/div>\r\n    \r\n    <!-- Desna kolona: slika -->\r\n    <div class=\"about-image\" data-aos=\"fade-left\" data-aos-delay=\"200\">\r\n              <img decoding=\"async\" \r\n          src=\"https:\/\/bavariansmontenegro.me\/wp-content\/uploads\/2025\/05\/004A1490_edited-scaled.jpg\" \r\n          alt=\"\" \r\n        \/>\r\n          <\/div>\r\n  <\/div>\r\n<\/section>\r\n\n\n  <section class=\"blogs-section\" data-aos=\"fade-up\">\r\n    <div class=\"section-container blogs-header\" data-aos=\"fade-up\" data-aos-delay=\"100\">\r\n      <h2>News<\/h2>\r\n      <p>Stay up to date with the latest news about our humanitarian event<\/p>\r\n    <\/div>\r\n    <div class=\"blogs-grid\">\r\n              <article class=\"blog-card\" data-aos=\"fade-up\" data-aos-delay=\"100\">\r\n                      <div class=\"blog-thumb\">\r\n              <a href=\"https:\/\/bavariansmontenegro.me\/en\/vujisici-skup\/\" style=\"background-image: url('https:\/\/bavariansmontenegro.me\/wp-content\/uploads\/2025\/08\/viber_image_2025-08-03_17-18-22-768-1024x683.jpg'); background-size: cover; background-position: center center; background-repeat: no-repeat; display: block; width: 100%; height: 100%;\">\r\n                <img decoding=\"async\" src=\"https:\/\/bavariansmontenegro.me\/wp-content\/uploads\/2025\/08\/viber_image_2025-08-03_17-18-22-768-1024x683.jpg\" alt=\"Vujisi\u0107i skup\" style=\"opacity: 0; width: 100%; height: 100%; object-fit: cover; object-position: center center;\">\r\n              <\/a>\r\n            <\/div>\r\n          \r\n          <div class=\"blog-content\">\r\n            <div class=\"blog-meta\">\r\n              <time datetime=\"2025-08-18T12:03:02+00:00\">\r\n                18. August 2025              <\/time>\r\n            <\/div>\r\n            <h3 class=\"blog-title\">\r\n              <a href=\"https:\/\/bavariansmontenegro.me\/en\/vujisici-skup\/\">\r\n                Vujisi\u0107i gathering              <\/a>\r\n            <\/h3>\r\n            <div class=\"blog-excerpt\">\r\n              Overboost Montenegro &amp; Bavarians Montenegro clubs organized 19.01.2025. humanitarian car rally for the Vujisi\u0107 family during which \u20ac2050 was collected.\u2026            <\/div>\r\n            <a href=\"https:\/\/bavariansmontenegro.me\/en\/vujisici-skup\/\" class=\"blog-readmore\">\r\n              Read more \u2192\r\n            <\/a>\r\n          <\/div>\r\n        <\/article>\r\n              <article class=\"blog-card\" data-aos=\"fade-up\" data-aos-delay=\"200\">\r\n                      <div class=\"blog-thumb\">\r\n              <a href=\"https:\/\/bavariansmontenegro.me\/en\/humanitarni-skup-sladjanu-andjelkovic\/\" style=\"background-image: url('https:\/\/bavariansmontenegro.me\/wp-content\/uploads\/2025\/08\/DSC_9726_result-1024x684.webp'); background-size: cover; background-position: center center; background-repeat: no-repeat; display: block; width: 100%; height: 100%;\">\r\n                <img decoding=\"async\" src=\"https:\/\/bavariansmontenegro.me\/wp-content\/uploads\/2025\/08\/DSC_9726_result-1024x684.webp\" alt=\"Humanitarni skup Sla\u0111anu An\u0111elkovi\u0107\" style=\"opacity: 0; width: 100%; height: 100%; object-fit: cover; object-position: center center;\">\r\n              <\/a>\r\n            <\/div>\r\n          \r\n          <div class=\"blog-content\">\r\n            <div class=\"blog-meta\">\r\n              <time datetime=\"2025-08-18T11:07:09+00:00\">\r\n                18. August 2025              <\/time>\r\n            <\/div>\r\n            <h3 class=\"blog-title\">\r\n              <a href=\"https:\/\/bavariansmontenegro.me\/en\/humanitarni-skup-sladjanu-andjelkovic\/\">\r\n                Humanitarian meeting for Sla\u0111an An\u0111elkovi\u0107              <\/a>\r\n            <\/h3>\r\n            <div class=\"blog-excerpt\">\r\n              Bavarians Montenegro BMW club is 09.02. participated in a humanitarian gathering - a car exhibition with the aim of collecting financial aid for Sla\u0111ana...            <\/div>\r\n            <a href=\"https:\/\/bavariansmontenegro.me\/en\/humanitarni-skup-sladjanu-andjelkovic\/\" class=\"blog-readmore\">\r\n              Read more \u2192\r\n            <\/a>\r\n          <\/div>\r\n        <\/article>\r\n          <\/div>\r\n\r\n    <div class=\"blogs-footer section-container\" data-aos=\"fade-up\" data-aos-delay=\"200\">\r\n      <a href=\"https:\/\/bavariansmontenegro.me\/en\/humanitarni-skup-sladjanu-andjelkovic\/\" class=\"blogs-all-btn\">\r\n        All News\r\n      <\/a>\r\n    <\/div>\r\n  <\/section>\r\n\n\n\r\n<section class=\"gallery-section\" data-aos=\"fade-up\">\r\n  <div class=\"gallery-header\" data-aos=\"fade-up\" data-aos-delay=\"100\">\r\n          <h2>Gallery of Cars<\/h2>\r\n              <p>See moments from previous events and wonderful cars that were part of our humanitarian story<\/p>\r\n      <\/div>\r\n\r\n  <div class=\"gallery-grid\">\r\n          <div class=\"gallery-image\" data-aos=\"zoom-in\" data-aos-delay=\"100\" data-gallery-image=\"https:\/\/bavariansmontenegro.me\/wp-content\/uploads\/2025\/05\/004A1218_edited_edited-scaled.jpg\" style=\"cursor: pointer;\">\r\n        <img decoding=\"async\" src=\"https:\/\/bavariansmontenegro.me\/wp-content\/uploads\/2025\/05\/004A1218_edited_edited-scaled.jpg\" alt=\"\">\r\n      <\/div>\r\n          <div class=\"gallery-image\" data-aos=\"zoom-in\" data-aos-delay=\"150\" data-gallery-image=\"https:\/\/bavariansmontenegro.me\/wp-content\/uploads\/2025\/05\/004A0570_edited-scaled.jpg\" style=\"cursor: pointer;\">\r\n        <img decoding=\"async\" src=\"https:\/\/bavariansmontenegro.me\/wp-content\/uploads\/2025\/05\/004A0570_edited-scaled.jpg\" alt=\"\">\r\n      <\/div>\r\n          <div class=\"gallery-image\" data-aos=\"zoom-in\" data-aos-delay=\"200\" data-gallery-image=\"https:\/\/bavariansmontenegro.me\/wp-content\/uploads\/2025\/05\/004A0565_edited_edited-scaled.jpg\" style=\"cursor: pointer;\">\r\n        <img decoding=\"async\" src=\"https:\/\/bavariansmontenegro.me\/wp-content\/uploads\/2025\/05\/004A0565_edited_edited-scaled.jpg\" alt=\"\">\r\n      <\/div>\r\n          <div class=\"gallery-image\" data-aos=\"zoom-in\" data-aos-delay=\"250\" data-gallery-image=\"https:\/\/bavariansmontenegro.me\/wp-content\/uploads\/2025\/05\/004A0948_edited-scaled.jpg\" style=\"cursor: pointer;\">\r\n        <img decoding=\"async\" src=\"https:\/\/bavariansmontenegro.me\/wp-content\/uploads\/2025\/05\/004A0948_edited-scaled.jpg\" alt=\"\">\r\n      <\/div>\r\n          <div class=\"gallery-image\" data-aos=\"zoom-in\" data-aos-delay=\"300\" data-gallery-image=\"https:\/\/bavariansmontenegro.me\/wp-content\/uploads\/2025\/05\/004A1031_edited-scaled.jpg\" style=\"cursor: pointer;\">\r\n        <img decoding=\"async\" src=\"https:\/\/bavariansmontenegro.me\/wp-content\/uploads\/2025\/05\/004A1031_edited-scaled.jpg\" alt=\"\">\r\n      <\/div>\r\n          <div class=\"gallery-image\" data-aos=\"zoom-in\" data-aos-delay=\"350\" data-gallery-image=\"https:\/\/bavariansmontenegro.me\/wp-content\/uploads\/2025\/05\/004A1493_edited_edited-scaled.jpg\" style=\"cursor: pointer;\">\r\n        <img decoding=\"async\" src=\"https:\/\/bavariansmontenegro.me\/wp-content\/uploads\/2025\/05\/004A1493_edited_edited-scaled.jpg\" alt=\"\">\r\n      <\/div>\r\n          <div class=\"gallery-image\" data-aos=\"zoom-in\" data-aos-delay=\"400\" data-gallery-image=\"https:\/\/bavariansmontenegro.me\/wp-content\/uploads\/2025\/05\/004A1058_edited_edited-scaled.jpg\" style=\"cursor: pointer;\">\r\n        <img decoding=\"async\" src=\"https:\/\/bavariansmontenegro.me\/wp-content\/uploads\/2025\/05\/004A1058_edited_edited-scaled.jpg\" alt=\"\">\r\n      <\/div>\r\n          <div class=\"gallery-image\" data-aos=\"zoom-in\" data-aos-delay=\"450\" data-gallery-image=\"https:\/\/bavariansmontenegro.me\/wp-content\/uploads\/2025\/05\/004A0383_edited_edited-scaled.jpg\" style=\"cursor: pointer;\">\r\n        <img decoding=\"async\" src=\"https:\/\/bavariansmontenegro.me\/wp-content\/uploads\/2025\/05\/004A0383_edited_edited-scaled.jpg\" alt=\"\">\r\n      <\/div>\r\n          <div class=\"gallery-image\" data-aos=\"zoom-in\" data-aos-delay=\"500\" data-gallery-image=\"https:\/\/bavariansmontenegro.me\/wp-content\/uploads\/2025\/05\/004A0448_edited-scaled.jpg\" style=\"cursor: pointer;\">\r\n        <img decoding=\"async\" src=\"https:\/\/bavariansmontenegro.me\/wp-content\/uploads\/2025\/05\/004A0448_edited-scaled.jpg\" alt=\"\">\r\n      <\/div>\r\n          <div class=\"gallery-image\" data-aos=\"zoom-in\" data-aos-delay=\"100\" data-gallery-image=\"https:\/\/bavariansmontenegro.me\/wp-content\/uploads\/2025\/05\/004A0651_edited-scaled.jpg\" style=\"cursor: pointer;\">\r\n        <img decoding=\"async\" src=\"https:\/\/bavariansmontenegro.me\/wp-content\/uploads\/2025\/05\/004A0651_edited-scaled.jpg\" alt=\"\">\r\n      <\/div>\r\n          <div class=\"gallery-image\" data-aos=\"zoom-in\" data-aos-delay=\"150\" data-gallery-image=\"https:\/\/bavariansmontenegro.me\/wp-content\/uploads\/2025\/05\/004A1490_edited-scaled.jpg\" style=\"cursor: pointer;\">\r\n        <img decoding=\"async\" src=\"https:\/\/bavariansmontenegro.me\/wp-content\/uploads\/2025\/05\/004A1490_edited-scaled.jpg\" alt=\"\">\r\n      <\/div>\r\n          <div class=\"gallery-image\" data-aos=\"zoom-in\" data-aos-delay=\"200\" data-gallery-image=\"https:\/\/bavariansmontenegro.me\/wp-content\/uploads\/2025\/05\/004A1498_edited-scaled.jpg\" style=\"cursor: pointer;\">\r\n        <img decoding=\"async\" src=\"https:\/\/bavariansmontenegro.me\/wp-content\/uploads\/2025\/05\/004A1498_edited-scaled.jpg\" alt=\"\">\r\n      <\/div>\r\n          <div class=\"gallery-image\" data-aos=\"zoom-in\" data-aos-delay=\"250\" data-gallery-image=\"https:\/\/bavariansmontenegro.me\/wp-content\/uploads\/2025\/05\/004A1058_edited_edited-scaled.jpg\" style=\"cursor: pointer;\">\r\n        <img decoding=\"async\" src=\"https:\/\/bavariansmontenegro.me\/wp-content\/uploads\/2025\/05\/004A1058_edited_edited-scaled.jpg\" alt=\"\">\r\n      <\/div>\r\n          <div class=\"gallery-image\" data-aos=\"zoom-in\" data-aos-delay=\"300\" data-gallery-image=\"https:\/\/bavariansmontenegro.me\/wp-content\/uploads\/2025\/05\/004A1084_edited-scaled.jpg\" style=\"cursor: pointer;\">\r\n        <img decoding=\"async\" src=\"https:\/\/bavariansmontenegro.me\/wp-content\/uploads\/2025\/05\/004A1084_edited-scaled.jpg\" alt=\"\">\r\n      <\/div>\r\n      <\/div>\r\n\r\n      <div class=\"gallery-cta\" data-aos=\"fade-up\" data-aos-delay=\"300\">\r\n      <a href=\"\/en\/galerija\/\" class=\"btn\">\r\n        View the entire gallery      <\/a>\r\n    <\/div>\r\n  <\/section>\r\n\r\n<!-- Lightbox Modal -->\r\n<div class=\"gallery-lightbox\" id=\"gallery-lightbox\">\r\n  <div class=\"gallery-lightbox-overlay\"><\/div>\r\n  <div class=\"gallery-lightbox-content\">\r\n    <button class=\"gallery-lightbox-close\" aria-label=\"Zatvori\">&times;<\/button>\r\n    <button class=\"gallery-lightbox-prev\" aria-label=\"Prethodna slika\">&#8249;<\/button>\r\n    <button class=\"gallery-lightbox-next\" aria-label=\"Slede\u0107a slika\">&#8250;<\/button>\r\n    <img decoding=\"async\" src=\"\" alt=\"\" class=\"gallery-lightbox-image\">\r\n  <\/div>\r\n<\/div>","protected":false},"excerpt":{"rendered":"","protected":false},"author":1,"featured_media":0,"parent":0,"menu_order":0,"comment_status":"closed","ping_status":"closed","template":"","meta":{"footnotes":""},"class_list":["post-22","page","type-page","status-publish","hentry"],"acf":[],"_links":{"self":[{"href":"https:\/\/bavariansmontenegro.me\/en\/wp-json\/wp\/v2\/pages\/22","targetHints":{"allow":["GET"]}}],"collection":[{"href":"https:\/\/bavariansmontenegro.me\/en\/wp-json\/wp\/v2\/pages"}],"about":[{"href":"https:\/\/bavariansmontenegro.me\/en\/wp-json\/wp\/v2\/types\/page"}],"author":[{"embeddable":true,"href":"https:\/\/bavariansmontenegro.me\/en\/wp-json\/wp\/v2\/users\/1"}],"replies":[{"embeddable":true,"href":"https:\/\/bavariansmontenegro.me\/en\/wp-json\/wp\/v2\/comments?post=22"}],"version-history":[{"count":64,"href":"https:\/\/bavariansmontenegro.me\/en\/wp-json\/wp\/v2\/pages\/22\/revisions"}],"predecessor-version":[{"id":715,"href":"https:\/\/bavariansmontenegro.me\/en\/wp-json\/wp\/v2\/pages\/22\/revisions\/715"}],"wp:attachment":[{"href":"https:\/\/bavariansmontenegro.me\/en\/wp-json\/wp\/v2\/media?parent=22"}],"curies":[{"name":"wp","href":"https:\/\/api.w.org\/{rel}","templated":true}]}}