{"id":184,"date":"2025-05-08T17:47:34","date_gmt":"2025-05-08T17:47:34","guid":{"rendered":"https:\/\/bavariansmontenegro.me\/?page_id=184"},"modified":"2025-08-25T09:51:53","modified_gmt":"2025-08-25T09:51:53","slug":"novosti","status":"publish","type":"page","link":"https:\/\/bavariansmontenegro.me\/en\/novosti\/","title":{"rendered":"News"},"content":{"rendered":"<section class=\"hero-swiper-wrapper\">\r\n    <div class=\"swiper hero-swiper\">\r\n      <div class=\"swiper-wrapper\">\r\n                  <div class=\"swiper-slide\">\r\n            <div class=\"hero-background\" \r\n                 style=\"background-image: url('https:\/\/bavariansmontenegro.me\/wp-content\/uploads\/2025\/08\/DSC_9673_result-scaled.webp');\"><\/div>\r\n            <div class=\"hero-overlay\">\r\n              <div class=\"hero-content\">\r\n                                  <h1 data-aos=\"fade-up\" data-aos-delay=\"200\">News<\/h1>\r\n                \r\n                \r\n                <div class=\"hero-buttons\" data-aos=\"fade-up\" data-aos-delay=\"400\">\r\n                  \r\n                                  <\/div>\r\n              <\/div>\r\n            <\/div>\r\n          <\/div>\r\n              <\/div>\r\n      <!-- Paginacija -->\r\n      <div class=\"swiper-pagination\"><\/div>\r\n    <\/div>\r\n\r\n  <\/section>\r\n\r\n\n\n\r\n<section class=\"blog-section\" data-aos=\"fade-up\">\r\n\r\n  <!-- FEATURED (prva dva posta) -->\r\n  <div class=\"blog-featured-row\">\r\n            <div class=\"blog-card blog-featured\" data-aos=\"fade-up\" data-aos-delay=\"100\">\r\n          <a href=\"https:\/\/bavariansmontenegro.me\/en\/vujisici-skup\/\" class=\"blog-thumb-1\">\r\n                          <img decoding=\"async\" src=\"https:\/\/bavariansmontenegro.me\/wp-content\/uploads\/2025\/08\/viber_image_2025-08-03_17-18-22-768-1024x683.jpg\" alt=\"Vujisi\u0107i skup\">\r\n                      <\/a>\r\n          <div class=\"blog-info\">\r\n            <a href=\"https:\/\/bavariansmontenegro.me\/en\/vujisici-skup\/\" class=\"blog-title\">Vujisi\u0107i gathering<\/a>\r\n            <div class=\"blog-excerpt\">Overboost Montenegro &amp; Bavarians Montenegro klubovi organizovali su 19.01.2025. humanitarni auto skup za porodicu Vujisi\u0107&#8230;<\/div>\r\n          <\/div>\r\n        <\/div>\r\n              <div class=\"blog-card blog-featured\" data-aos=\"fade-up\" data-aos-delay=\"200\">\r\n          <a href=\"https:\/\/bavariansmontenegro.me\/en\/humanitarni-skup-sladjanu-andjelkovic\/\" class=\"blog-thumb-1\">\r\n                          <img decoding=\"async\" src=\"https:\/\/bavariansmontenegro.me\/wp-content\/uploads\/2025\/08\/DSC_9726_result-1024x684.webp\" alt=\"Humanitarni skup Sla\u0111anu An\u0111elkovi\u0107\">\r\n                      <\/a>\r\n          <div class=\"blog-info\">\r\n            <a href=\"https:\/\/bavariansmontenegro.me\/en\/humanitarni-skup-sladjanu-andjelkovic\/\" class=\"blog-title\">Humanitarian meeting for Sla\u0111an An\u0111elkovi\u0107<\/a>\r\n            <div class=\"blog-excerpt\">Bavarians Montenegro BMW klub je 09.02. u\u010destvovao na humanitarnom skupu \u2013 izlo\u017ebi automobila sa ciljem&#8230;<\/div>\r\n          <\/div>\r\n        <\/div>\r\n        <\/div>\r\n\r\n  <!-- SVI OSTALI, BEZ FEATURED -->\r\n  <div class=\"blog-list-row\">\r\n      <\/div>\r\n\r\n<\/section>","protected":false},"excerpt":{"rendered":"","protected":false},"author":1,"featured_media":0,"parent":0,"menu_order":0,"comment_status":"closed","ping_status":"closed","template":"","meta":{"footnotes":""},"class_list":["post-184","page","type-page","status-publish","hentry"],"acf":[],"_links":{"self":[{"href":"https:\/\/bavariansmontenegro.me\/en\/wp-json\/wp\/v2\/pages\/184","targetHints":{"allow":["GET"]}}],"collection":[{"href":"https:\/\/bavariansmontenegro.me\/en\/wp-json\/wp\/v2\/pages"}],"about":[{"href":"https:\/\/bavariansmontenegro.me\/en\/wp-json\/wp\/v2\/types\/page"}],"author":[{"embeddable":true,"href":"https:\/\/bavariansmontenegro.me\/en\/wp-json\/wp\/v2\/users\/1"}],"replies":[{"embeddable":true,"href":"https:\/\/bavariansmontenegro.me\/en\/wp-json\/wp\/v2\/comments?post=184"}],"version-history":[{"count":5,"href":"https:\/\/bavariansmontenegro.me\/en\/wp-json\/wp\/v2\/pages\/184\/revisions"}],"predecessor-version":[{"id":551,"href":"https:\/\/bavariansmontenegro.me\/en\/wp-json\/wp\/v2\/pages\/184\/revisions\/551"}],"wp:attachment":[{"href":"https:\/\/bavariansmontenegro.me\/en\/wp-json\/wp\/v2\/media?parent=184"}],"curies":[{"name":"wp","href":"https:\/\/api.w.org\/{rel}","templated":true}]}}